{"id":6183,"date":"2017-01-24T14:06:35","date_gmt":"2017-01-24T13:06:35","guid":{"rendered":"http:\/\/janicki.com.pl\/realizacje\/"},"modified":"2021-07-08T14:51:44","modified_gmt":"2021-07-08T12:51:44","slug":"our-projects","status":"publish","type":"page","link":"http:\/\/janicki.com.pl\/en\/our-projects\/","title":{"rendered":"Our projects"},"content":{"rendered":"<section class=\"cs-section\"><div class=\"container\"><div class=\"row\"><div class=\"col-md-12\"><div class=\"cs-column-inner\"><div class=\"cs-column-text\"><h3 style=\"text-align: left;\"><strong>Our projects &#8211; summary<br \/>\n<\/strong><\/h3>\n<p style=\"text-align: left;\">Execution of more than 20 km of drilling, including 5 km of large drilling projects, for gas, fuel, energy, water and sewage and heating companies. Execution of two crossings exceeding 1 km in length. Introduction of innovative and pioneering solutions. First installation in Europe of 4 Flexx Brugg district heating pipes in Gda\u0144sk in one borehole, first DN1000 installation in Poland. Execution of complex projects in heavily urbanised areas.<\/p>\n<\/div><hr class=\"cs-space\" style=\"margin-top:25px\"><div class=\"portfolio-loop portfolio-with-one-px portfolio-model-ajax\"><div class=\"isotope-container\"><div class=\"isotope-loading cs-loader\"><\/div><div class=\"ajax-portfolio-container\"><div class=\"ajax-portfolio-wrapper\"><div class=\"ajax-control\"><a href=\"#\" class=\"ajax-close fa fa-times\"><\/a><\/div><div class=\"container ajax-content\"><\/div><\/div><\/div><div class=\"isotope-wrapper\"><div class=\"isotope-portfolio isotope-loop\" data-layout=\"fitRows\"><div class=\"isotope-item cs-fade col-md-4 hdd-en\"><div class=\"portfolio-item\"><div class=\"portfolio-item-info\"><a href=\"http:\/\/janicki.com.pl\/en\/portfolio-item\/szczecin-5x200-mm-hdpe\/\" class=\"portfolio-item-hover item-ajax-load\" data-post-id=\"6106\"><span class=\"portfolio-item-block\"><span class=\"item-icon item-icon-wrapper\"><i class=\"fa fa-level-up\"><\/i><\/span><span class=\"portfolio-item-title\">Szczecin 5&#215;200 mm HDPE<\/span><span class=\"portfolio-item-categories\"> HDD<\/span><\/span><\/a><\/div><img width=\"1024\" height=\"683\" src=\"http:\/\/janicki.com.pl\/wp-content\/uploads\/2017\/01\/20161209_133433_glowne-1024x683.jpg\" class=\"attachment-large size-large wp-post-image\" alt=\"\" loading=\"lazy\" srcset=\"http:\/\/janicki.com.pl\/wp-content\/uploads\/2017\/01\/20161209_133433_glowne-1024x683.jpg 1024w, http:\/\/janicki.com.pl\/wp-content\/uploads\/2017\/01\/20161209_133433_glowne-300x200.jpg 300w, http:\/\/janicki.com.pl\/wp-content\/uploads\/2017\/01\/20161209_133433_glowne-768x512.jpg 768w, http:\/\/janicki.com.pl\/wp-content\/uploads\/2017\/01\/20161209_133433_glowne.jpg 1472w\" sizes=\"(max-width: 1024px) 100vw, 1024px\" \/><\/div><\/div><div class=\"isotope-item cs-fade col-md-4 hdd-en\"><div class=\"portfolio-item\"><div class=\"portfolio-item-info\"><a href=\"http:\/\/janicki.com.pl\/en\/portfolio-item\/dziewietlin-1016x22-5-mm-steel\/\" class=\"portfolio-item-hover item-ajax-load\" data-post-id=\"6109\"><span class=\"portfolio-item-block\"><span class=\"item-icon item-icon-wrapper\"><i class=\"fa fa-level-up\"><\/i><\/span><span class=\"portfolio-item-title\">Dziewi\u0119tlin 1016\u00d722.5 mm steel<\/span><span class=\"portfolio-item-categories\"> HDD<\/span><\/span><\/a><\/div><img width=\"1024\" height=\"683\" src=\"http:\/\/janicki.com.pl\/wp-content\/uploads\/2017\/02\/20160827_130128_glowne-1024x683.jpg\" class=\"attachment-large size-large wp-post-image\" alt=\"\" loading=\"lazy\" srcset=\"http:\/\/janicki.com.pl\/wp-content\/uploads\/2017\/02\/20160827_130128_glowne-1024x683.jpg 1024w, http:\/\/janicki.com.pl\/wp-content\/uploads\/2017\/02\/20160827_130128_glowne-300x200.jpg 300w, http:\/\/janicki.com.pl\/wp-content\/uploads\/2017\/02\/20160827_130128_glowne-768x512.jpg 768w, http:\/\/janicki.com.pl\/wp-content\/uploads\/2017\/02\/20160827_130128_glowne.jpg 1280w\" sizes=\"(max-width: 1024px) 100vw, 1024px\" \/><\/div><\/div><div class=\"isotope-item cs-fade col-md-4 hdd-en\"><div class=\"portfolio-item\"><div class=\"portfolio-item-info\"><a href=\"http:\/\/janicki.com.pl\/en\/portfolio-item\/szczecin-3x200-mm-hdpe\/\" class=\"portfolio-item-hover item-ajax-load\" data-post-id=\"6112\"><span class=\"portfolio-item-block\"><span class=\"item-icon item-icon-wrapper\"><i class=\"fa fa-level-up\"><\/i><\/span><span class=\"portfolio-item-title\">Szczecin 3&#215;200 mm HDPE<\/span><span class=\"portfolio-item-categories\"> HDD<\/span><\/span><\/a><\/div><img width=\"1024\" height=\"683\" src=\"http:\/\/janicki.com.pl\/wp-content\/uploads\/2017\/02\/20160701_153953_glowne-1024x683.jpg\" class=\"attachment-large size-large wp-post-image\" alt=\"\" loading=\"lazy\" srcset=\"http:\/\/janicki.com.pl\/wp-content\/uploads\/2017\/02\/20160701_153953_glowne-1024x683.jpg 1024w, http:\/\/janicki.com.pl\/wp-content\/uploads\/2017\/02\/20160701_153953_glowne-300x200.jpg 300w, http:\/\/janicki.com.pl\/wp-content\/uploads\/2017\/02\/20160701_153953_glowne-768x512.jpg 768w, http:\/\/janicki.com.pl\/wp-content\/uploads\/2017\/02\/20160701_153953_glowne.jpg 1472w\" sizes=\"(max-width: 1024px) 100vw, 1024px\" \/><\/div><\/div><div class=\"isotope-item cs-fade col-md-4 hdd-en\"><div class=\"portfolio-item\"><div class=\"portfolio-item-info\"><a href=\"http:\/\/janicki.com.pl\/en\/portfolio-item\/lazy-male-1016x22-5-mm-steel\/\" class=\"portfolio-item-hover item-ajax-load\" data-post-id=\"6115\"><span class=\"portfolio-item-block\"><span class=\"item-icon item-icon-wrapper\"><i class=\"fa fa-level-up\"><\/i><\/span><span class=\"portfolio-item-title\">\u0141azy Ma\u0142e 1016\u00d722.5 mm steel<\/span><span class=\"portfolio-item-categories\"> HDD<\/span><\/span><\/a><\/div><img width=\"1024\" height=\"683\" src=\"http:\/\/janicki.com.pl\/wp-content\/uploads\/2017\/02\/20160611_131141_glowne-1024x683.jpg\" class=\"attachment-large size-large wp-post-image\" alt=\"\" loading=\"lazy\" srcset=\"http:\/\/janicki.com.pl\/wp-content\/uploads\/2017\/02\/20160611_131141_glowne-1024x683.jpg 1024w, http:\/\/janicki.com.pl\/wp-content\/uploads\/2017\/02\/20160611_131141_glowne-300x200.jpg 300w, http:\/\/janicki.com.pl\/wp-content\/uploads\/2017\/02\/20160611_131141_glowne-768x512.jpg 768w, http:\/\/janicki.com.pl\/wp-content\/uploads\/2017\/02\/20160611_131141_glowne.jpg 1472w\" sizes=\"(max-width: 1024px) 100vw, 1024px\" \/><\/div><\/div><div class=\"isotope-item cs-fade col-md-4 hdd-en\"><div class=\"portfolio-item\"><div class=\"portfolio-item-info\"><a href=\"http:\/\/janicki.com.pl\/en\/portfolio-item\/warsaw-323-x-8-8-mm-508-x-12-5-mm-steel\/\" class=\"portfolio-item-hover item-ajax-load\" data-post-id=\"6118\"><span class=\"portfolio-item-block\"><span class=\"item-icon item-icon-wrapper\"><i class=\"fa fa-level-up\"><\/i><\/span><span class=\"portfolio-item-title\">Warsaw 323 \u00d7 8.8 mm\/508 \u00d7 12.5 mm steel<\/span><span class=\"portfolio-item-categories\"> HDD<\/span><\/span><\/a><\/div><img width=\"1024\" height=\"683\" src=\"http:\/\/janicki.com.pl\/wp-content\/uploads\/2017\/02\/20160415_171258_glowne-1024x683.jpg\" class=\"attachment-large size-large wp-post-image\" alt=\"\" loading=\"lazy\" srcset=\"http:\/\/janicki.com.pl\/wp-content\/uploads\/2017\/02\/20160415_171258_glowne-1024x683.jpg 1024w, http:\/\/janicki.com.pl\/wp-content\/uploads\/2017\/02\/20160415_171258_glowne-300x200.jpg 300w, http:\/\/janicki.com.pl\/wp-content\/uploads\/2017\/02\/20160415_171258_glowne-768x512.jpg 768w, http:\/\/janicki.com.pl\/wp-content\/uploads\/2017\/02\/20160415_171258_glowne.jpg 1472w\" sizes=\"(max-width: 1024px) 100vw, 1024px\" \/><\/div><\/div><div class=\"isotope-item cs-fade col-md-4 hdd-en\"><div class=\"portfolio-item\"><div class=\"portfolio-item-info\"><a href=\"http:\/\/janicki.com.pl\/en\/portfolio-item\/boguslawice-508-x-12-5-mm-steel\/\" class=\"portfolio-item-hover item-ajax-load\" data-post-id=\"6121\"><span class=\"portfolio-item-block\"><span class=\"item-icon item-icon-wrapper\"><i class=\"fa fa-level-up\"><\/i><\/span><span class=\"portfolio-item-title\">Bogus\u0142awice 508 \u00d7 12.5 mm steel<\/span><span class=\"portfolio-item-categories\"> HDD<\/span><\/span><\/a><\/div><img width=\"1024\" height=\"683\" src=\"http:\/\/janicki.com.pl\/wp-content\/uploads\/2017\/02\/67-1024x683.jpg\" class=\"attachment-large size-large wp-post-image\" alt=\"\" loading=\"lazy\" srcset=\"http:\/\/janicki.com.pl\/wp-content\/uploads\/2017\/02\/67-1024x683.jpg 1024w, http:\/\/janicki.com.pl\/wp-content\/uploads\/2017\/02\/67-300x200.jpg 300w, http:\/\/janicki.com.pl\/wp-content\/uploads\/2017\/02\/67-768x512.jpg 768w, http:\/\/janicki.com.pl\/wp-content\/uploads\/2017\/02\/67.jpg 1472w\" sizes=\"(max-width: 1024px) 100vw, 1024px\" \/><\/div><\/div><\/div><div class=\"ajax-pagination\"><a href=\"#\" class=\"ajax-load-more cs-btn cs-btn-flat cs-btn-rounded cs-btn-xxs cs-btn-flat-accent\" data-token=\"69e3649dc6255\">Load More<span class=\"cs-loader\"><\/span><\/a><\/div><div class=\"clear\"><\/div><\/div><\/div><\/div><\/div><\/div><\/div><\/div><\/section>\n","protected":false},"excerpt":{"rendered":"<p><span class=\"entry-read-more\"><a href=\"http:\/\/janicki.com.pl\/en\/portfolio-item\/boguslawice-508-x-12-5-mm-steel\/\" class=\"cs-btn cs-btn-flat cs-btn-rounded cs-btn-xxs cs-btn-flat-accent\">Read More<\/a><\/span><\/p>\n","protected":false},"author":1,"featured_media":0,"parent":0,"menu_order":0,"comment_status":"closed","ping_status":"closed","template":"","meta":[],"yoast_head":"<!-- This site is optimized with the Yoast SEO plugin v16.1.1 - https:\/\/yoast.com\/wordpress\/plugins\/seo\/ -->\n<title>Our projects | ZRB Janicki<\/title>\n<meta name=\"description\" content=\"Projects completed to date: more than 20 km of drilling while executing projects for oil&amp;gas, electricity, water and sewage, and heating companies\" \/>\n<link rel=\"canonical\" href=\"http:\/\/janicki.com.pl\/en\/our-projects\/\" \/>\n<meta property=\"og:locale\" content=\"en_US\" \/>\n<meta property=\"og:type\" content=\"article\" \/>\n<meta property=\"og:title\" content=\"Our projects | ZRB Janicki\" \/>\n<meta property=\"og:description\" content=\"Projects completed to date: more than 20 km of drilling while executing projects for oil&amp;gas, electricity, water and sewage, and heating companies\" \/>\n<meta property=\"og:url\" content=\"http:\/\/janicki.com.pl\/en\/our-projects\/\" \/>\n<meta property=\"og:site_name\" content=\"ZRB Janicki\" \/>\n<meta property=\"article:publisher\" content=\"https:\/\/www.facebook.com\/janicki.przewiertysterowane\/\" \/>\n<meta property=\"article:modified_time\" content=\"2021-07-08T12:51:44+00:00\" \/>\n<meta name=\"twitter:card\" content=\"summary\" \/>\n<meta name=\"twitter:label1\" content=\"Est. reading time\">\n\t<meta name=\"twitter:data1\" content=\"1 minute\">\n<script type=\"application\/ld+json\" class=\"yoast-schema-graph\">{\"@context\":\"https:\/\/schema.org\",\"@graph\":[{\"@type\":\"WebSite\",\"@id\":\"http:\/\/janicki.com.pl\/#website\",\"url\":\"http:\/\/janicki.com.pl\/\",\"name\":\"ZRB Janicki\",\"description\":\"przewierty horyzontalne sterowane, przeciski pod drogami, us\\u0142ugi sprz\\u0119tem budowlanym\",\"potentialAction\":[{\"@type\":\"SearchAction\",\"target\":\"http:\/\/janicki.com.pl\/?s={search_term_string}\",\"query-input\":\"required name=search_term_string\"}],\"inLanguage\":\"en-US\"},{\"@type\":\"WebPage\",\"@id\":\"http:\/\/janicki.com.pl\/en\/our-projects\/#webpage\",\"url\":\"http:\/\/janicki.com.pl\/en\/our-projects\/\",\"name\":\"Our projects | ZRB Janicki\",\"isPartOf\":{\"@id\":\"http:\/\/janicki.com.pl\/#website\"},\"datePublished\":\"2017-01-24T13:06:35+00:00\",\"dateModified\":\"2021-07-08T12:51:44+00:00\",\"description\":\"Projects completed to date: more than 20 km of drilling while executing projects for oil&gas, electricity, water and sewage, and heating companies\",\"breadcrumb\":{\"@id\":\"http:\/\/janicki.com.pl\/en\/our-projects\/#breadcrumb\"},\"inLanguage\":\"en-US\",\"potentialAction\":[{\"@type\":\"ReadAction\",\"target\":[\"http:\/\/janicki.com.pl\/en\/our-projects\/\"]}]},{\"@type\":\"BreadcrumbList\",\"@id\":\"http:\/\/janicki.com.pl\/en\/our-projects\/#breadcrumb\",\"itemListElement\":[{\"@type\":\"ListItem\",\"position\":1,\"item\":{\"@type\":\"WebPage\",\"@id\":\"http:\/\/janicki.com.pl\/en\/\",\"url\":\"http:\/\/janicki.com.pl\/en\/\",\"name\":\"Strona g\\u0142\\u00f3wna\"}},{\"@type\":\"ListItem\",\"position\":2,\"item\":{\"@type\":\"WebPage\",\"@id\":\"http:\/\/janicki.com.pl\/en\/our-projects\/\",\"url\":\"http:\/\/janicki.com.pl\/en\/our-projects\/\",\"name\":\"Our projects\"}}]}]}<\/script>\n<!-- \/ Yoast SEO plugin. -->","_links":{"self":[{"href":"http:\/\/janicki.com.pl\/en\/wp-json\/wp\/v2\/pages\/6183"}],"collection":[{"href":"http:\/\/janicki.com.pl\/en\/wp-json\/wp\/v2\/pages"}],"about":[{"href":"http:\/\/janicki.com.pl\/en\/wp-json\/wp\/v2\/types\/page"}],"author":[{"embeddable":true,"href":"http:\/\/janicki.com.pl\/en\/wp-json\/wp\/v2\/users\/1"}],"replies":[{"embeddable":true,"href":"http:\/\/janicki.com.pl\/en\/wp-json\/wp\/v2\/comments?post=6183"}],"version-history":[{"count":3,"href":"http:\/\/janicki.com.pl\/en\/wp-json\/wp\/v2\/pages\/6183\/revisions"}],"predecessor-version":[{"id":6214,"href":"http:\/\/janicki.com.pl\/en\/wp-json\/wp\/v2\/pages\/6183\/revisions\/6214"}],"wp:attachment":[{"href":"http:\/\/janicki.com.pl\/en\/wp-json\/wp\/v2\/media?parent=6183"}],"curies":[{"name":"wp","href":"https:\/\/api.w.org\/{rel}","templated":true}]}}